{"id":826,"date":"2023-09-05T13:02:03","date_gmt":"2023-09-05T13:02:03","guid":{"rendered":"https:\/\/psilaba.com\/?page_id=826"},"modified":"2023-09-05T13:06:46","modified_gmt":"2023-09-05T13:06:46","slug":"politica-de-privacidad","status":"publish","type":"page","link":"https:\/\/psilaba.com\/en\/politica-de-privacidad\/","title":{"rendered":"Pol\u00edtica de privacidad"},"content":{"rendered":"\t\t<div data-elementor-type=\"wp-page\" data-elementor-id=\"826\" class=\"elementor elementor-826\" data-elementor-post-type=\"page\">\n\t\t\t\t\t\t<section class=\"elementor-section elementor-top-section elementor-element elementor-element-6615c91d elementor-section-boxed elementor-section-height-default elementor-section-height-default\" data-id=\"6615c91d\" data-element_type=\"section\" data-e-type=\"section\">\n\t\t\t\t\t\t<div class=\"elementor-container elementor-column-gap-default\">\n\t\t\t\t\t<div class=\"elementor-column elementor-col-100 elementor-top-column elementor-element elementor-element-4b14f6fc\" data-id=\"4b14f6fc\" data-element_type=\"column\" data-e-type=\"column\">\n\t\t\t<div class=\"elementor-widget-wrap elementor-element-populated\">\n\t\t\t\t\t\t<div class=\"elementor-element elementor-element-2576dc8a elementor-widget elementor-widget-text-editor\" data-id=\"2576dc8a\" data-element_type=\"widget\" data-e-type=\"widget\" data-widget_type=\"text-editor.default\">\n\t\t\t\t<div class=\"elementor-widget-container\">\n\t\t\t\t\t\t\t\t\t<h1>Pol\u00edtica de privacidad<\/h1><p>Esta Pol\u00edtica de Privacidad describe c\u00f3mo Ps\u00edlaba recopila, utiliza y protege la informaci\u00f3n personal que puedas proporcionarnos a trav\u00e9s de nuestro sitio web https:\/\/psilaba.com . Al utilizar el Sitio, aceptas las pr\u00e1cticas descritas en esta pol\u00edtica.<\/p><h2><strong>Informaci\u00f3n que Recopilamos<\/strong><\/h2><p>Podemos recopilar informaci\u00f3n personal que t\u00fa elijas proporcionarnos, como tu nombre, direcci\u00f3n de correo electr\u00f3nico, n\u00famero de tel\u00e9fono y otros datos de contacto cuando completes formularios en el Sitio.<\/p><h2><strong>C\u00f3mo Usamos tu Informaci\u00f3n<\/strong><\/h2><p>Utilizamos la informaci\u00f3n personal recopilada para proporcionarte informaci\u00f3n sobre nuestros servicios, responder a tus consultas y proporcionarte un servicio personalizado. No compartiremos ni venderemos tu informaci\u00f3n personal a terceros sin tu consentimiento, a menos que lo exija la ley.<\/p><h2><strong>Cookies y Tecnolog\u00edas Similares<\/strong><\/h2><p>Podemos utilizar cookies y otras tecnolog\u00edas de seguimiento para mejorar tu experiencia en el Sitio y recopilar informaci\u00f3n sobre c\u00f3mo interact\u00faas con \u00e9l. Puedes gestionar las preferencias de cookies en tu navegador.<\/p><h2><strong>Seguridad de Datos<\/strong><\/h2><p>Implementamos medidas de seguridad para proteger tu informaci\u00f3n personal y mantener su confidencialidad. Sin embargo, ninguna transmisi\u00f3n de datos por Internet es completamente segura, y no podemos garantizar la seguridad absoluta de tus datos.<\/p><h2><strong>Cambios en esta Pol\u00edtica de Privacidad<\/strong><\/h2><p>Nos reservamos el derecho de actualizar o modificar esta Pol\u00edtica de Privacidad en cualquier momento. Cualquier cambio se reflejar\u00e1 en esta p\u00e1gina con una nueva fecha de &#8220;\u00faltima actualizaci\u00f3n&#8221;. Te recomendamos revisar esta pol\u00edtica peri\u00f3dicamente para estar al tanto de cualquier cambio.<\/p><h2><strong>Contacto<\/strong><\/h2><p>Si tienes preguntas o preocupaciones sobre esta Pol\u00edtica de Privacidad o sobre c\u00f3mo manejamos tus datos personales, por favor cont\u00e1ctanos a contacto@psilaba.com o mediante el formulario de contacto situado en la p\u00e1gina contacto.<\/p><p>\u00a0<\/p>\t\t\t\t\t\t\t\t<\/div>\n\t\t\t\t<\/div>\n\t\t\t\t\t<\/div>\n\t\t<\/div>\n\t\t\t\t\t<\/div>\n\t\t<\/section>\n\t\t\t\t<\/div>\n\t\t","protected":false},"excerpt":{"rendered":"<p>Pol\u00edtica de privacidad Esta Pol\u00edtica de Privacidad describe c\u00f3mo Ps\u00edlaba recopila, utiliza y protege la informaci\u00f3n personal que puedas proporcionarnos a trav\u00e9s de nuestro sitio web https:\/\/psilaba.com . Al utilizar el Sitio, aceptas las pr\u00e1cticas descritas en esta pol\u00edtica. Informaci\u00f3n que Recopilamos Podemos recopilar informaci\u00f3n personal que t\u00fa elijas proporcionarnos, como tu nombre, direcci\u00f3n de [&hellip;]<\/p>\n","protected":false},"author":1,"featured_media":0,"parent":0,"menu_order":6,"comment_status":"closed","ping_status":"closed","template":"","meta":{"footnotes":""},"class_list":["post-826","page","type-page","status-publish","hentry"],"aioseo_notices":[],"_links":{"self":[{"href":"https:\/\/psilaba.com\/en\/wp-json\/wp\/v2\/pages\/826","targetHints":{"allow":["GET"]}}],"collection":[{"href":"https:\/\/psilaba.com\/en\/wp-json\/wp\/v2\/pages"}],"about":[{"href":"https:\/\/psilaba.com\/en\/wp-json\/wp\/v2\/types\/page"}],"author":[{"embeddable":true,"href":"https:\/\/psilaba.com\/en\/wp-json\/wp\/v2\/users\/1"}],"replies":[{"embeddable":true,"href":"https:\/\/psilaba.com\/en\/wp-json\/wp\/v2\/comments?post=826"}],"version-history":[{"count":4,"href":"https:\/\/psilaba.com\/en\/wp-json\/wp\/v2\/pages\/826\/revisions"}],"predecessor-version":[{"id":830,"href":"https:\/\/psilaba.com\/en\/wp-json\/wp\/v2\/pages\/826\/revisions\/830"}],"wp:attachment":[{"href":"https:\/\/psilaba.com\/en\/wp-json\/wp\/v2\/media?parent=826"}],"curies":[{"name":"wp","href":"https:\/\/api.w.org\/{rel}","templated":true}]}}