{"id":222,"date":"2015-02-18T10:54:43","date_gmt":"2015-02-18T10:54:43","guid":{"rendered":"http:\/\/psilaba.com\/wp\/?page_id=222"},"modified":"2023-09-05T12:13:46","modified_gmt":"2023-09-05T12:13:46","slug":"preguntas-frecuentes","status":"publish","type":"page","link":"https:\/\/psilaba.com\/en\/preguntas-frecuentes\/","title":{"rendered":"Useful information"},"content":{"rendered":"\t\t<div data-elementor-type=\"wp-page\" data-elementor-id=\"222\" class=\"elementor elementor-222\" data-elementor-post-type=\"page\">\n\t\t\t\t\t\t<section class=\"elementor-section elementor-top-section elementor-element elementor-element-3dbcf24 elementor-section-boxed elementor-section-height-default elementor-section-height-default\" data-id=\"3dbcf24\" data-element_type=\"section\" data-e-type=\"section\">\n\t\t\t\t\t\t<div class=\"elementor-container elementor-column-gap-default\">\n\t\t\t\t\t<div class=\"elementor-column elementor-col-100 elementor-top-column elementor-element elementor-element-cd3c050\" data-id=\"cd3c050\" data-element_type=\"column\" data-e-type=\"column\">\n\t\t\t<div class=\"elementor-widget-wrap elementor-element-populated\">\n\t\t\t\t\t\t<div class=\"elementor-element elementor-element-7f3973a elementor-widget elementor-widget-shortcode\" data-id=\"7f3973a\" data-element_type=\"widget\" data-e-type=\"widget\" data-widget_type=\"shortcode.default\">\n\t\t\t\t<div class=\"elementor-widget-container\">\n\t\t\t\t\t\t\t<div class=\"elementor-shortcode\"><style>#sp-ea-763 .spcollapsing { height: 0; overflow: hidden; transition-property: height;transition-duration: 300ms;}#sp-ea-763.sp-easy-accordion>.sp-ea-single {margin-bottom: 10px; border: 1px solid #e2e2e2; }#sp-ea-763.sp-easy-accordion>.sp-ea-single>.ea-header a {color: #444;}#sp-ea-763.sp-easy-accordion>.sp-ea-single>.sp-collapse>.ea-body {background: #fff; color: #444;}#sp-ea-763.sp-easy-accordion>.sp-ea-single>.sp-collapse>.ea-body {display: block;height: 145px; overflow: auto;}#sp-ea-763.sp-easy-accordion>.sp-ea-single {background: #eee;}#sp-ea-763.sp-easy-accordion>.sp-ea-single>.ea-header a .ea-expand-icon { float: left; color: #444;font-size: 10px;}<\/style><div id=\"sp_easy_accordion-1693915720\"><div id=\"sp-ea-763\" class=\"sp-ea-one sp-easy-accordion\" data-ea-active=\"ea-click\" data-ea-mode=\"vertical\" data-preloader=\"\" data-scroll-active-item=\"\" data-offset-to-scroll=\"0\"><div class=\"ea-card ea-expand sp-ea-single\"><h3 class=\"ea-header\"><a class=\"collapsed\" id=\"ea-header-7630\" role=\"button\" data-sptoggle=\"spcollapse\" data-sptarget=\"#collapse7630\" aria-controls=\"collapse7630\" href=\"#\" aria-expanded=\"true\" tabindex=\"0\"><i aria-hidden=\"true\" role=\"presentation\" class=\"ea-expand-icon eap-icon-ea-expand-minus\"><\/i> \u00bfC\u00faal es el precio y la duraci\u00f3n de las sesiones?<\/a><\/h3><div class=\"sp-collapse spcollapse collapsed show\" id=\"collapse7630\" data-parent=\"#sp-ea-763\" role=\"region\" aria-labelledby=\"ea-header-7630\"> <div class=\"ea-body\"><p>En nuestro caso, las sesiones individuales tienen un coste de 70 euros y una duraci\u00f3n de entre cuarenta y cinco minutos y una hora, mientras que las sesiones familiares o de pareja tienen un coste de 80 euros y una duraci\u00f3n de entre sesenta minutos y una hora y media. Habitualmente la periodicidad de las sesiones es semanal o quincenal al principio y a medida que las cosas van mejorando se van espaciando<\/p><\/div><\/div><\/div><div class=\"ea-card sp-ea-single\"><h3 class=\"ea-header\"><a class=\"collapsed\" id=\"ea-header-7631\" role=\"button\" data-sptoggle=\"spcollapse\" data-sptarget=\"#collapse7631\" aria-controls=\"collapse7631\" href=\"#\" aria-expanded=\"false\" tabindex=\"0\"><i aria-hidden=\"true\" role=\"presentation\" class=\"ea-expand-icon eap-icon-ea-expand-plus\"><\/i> \u00bfQui\u00e9n debe acudir a las sesiones?<\/a><\/h3><div class=\"sp-collapse spcollapse \" id=\"collapse7631\" data-parent=\"#sp-ea-763\" role=\"region\" aria-labelledby=\"ea-header-7631\"> <div class=\"ea-body\"><p>Pues aquel que quiera hacerlo ya que es importante la voluntariedad y la motivaci\u00f3n. No obstante, nuestra formaci\u00f3n de base es la terapia familiar sist\u00e9mica, \u00bfqu\u00e9 quiere decir esto?: entendemos que no vivimos encerrados en burbujas sino en relaci\u00f3n constante con otras personas, y estas relaciones tienen mucho que ver con nuestro grado de bienestar o malestar, de forma que hay que valorar el mundo de relaciones de la persona, que influye y es influido por otros. A lo mejor t\u00fa te estar\u00e1s preguntando, \u00bfy si mi hijo o mi pareja no quiere venir? Desde este punto de vista, entendemos que podemos trabajar con alguien que no desea acudir a terapia a trav\u00e9s de sus familiares ya que si ellos cambian, si cambia la relaci\u00f3n, todo cambia<\/p><\/div><\/div><\/div><div class=\"ea-card sp-ea-single\"><h3 class=\"ea-header\"><a class=\"collapsed\" id=\"ea-header-7632\" role=\"button\" data-sptoggle=\"spcollapse\" data-sptarget=\"#collapse7632\" aria-controls=\"collapse7632\" href=\"#\" aria-expanded=\"false\" tabindex=\"0\"><i aria-hidden=\"true\" role=\"presentation\" class=\"ea-expand-icon eap-icon-ea-expand-plus\"><\/i> \u00bfEs lo mismo un psic\u00f3logo que un psiquiatra?<\/a><\/h3><div class=\"sp-collapse spcollapse \" id=\"collapse7632\" data-parent=\"#sp-ea-763\" role=\"region\" aria-labelledby=\"ea-header-7632\"> <div class=\"ea-body\"><p>No. Y la diferencia b\u00e1sica es que uno puede recetar y otro no. Ambos somos profesionales relacionados con la salud mental, el psiquiatra ha estudiado medicina y se apoya en la medicaci\u00f3n como forma de aliviar el malestar, mientras que en Psicolog\u00eda trabajamos desde las emociones, los pensamientos y la conducta y no recetamos medicinas. Actualmente no es extra\u00f1o que ambos profesionales trabajen en colaboraci\u00f3n.<\/p><\/div><\/div><\/div><div class=\"ea-card sp-ea-single\"><h3 class=\"ea-header\"><a class=\"collapsed\" id=\"ea-header-7633\" role=\"button\" data-sptoggle=\"spcollapse\" data-sptarget=\"#collapse7633\" aria-controls=\"collapse7633\" href=\"#\" aria-expanded=\"false\" tabindex=\"0\"><i aria-hidden=\"true\" role=\"presentation\" class=\"ea-expand-icon eap-icon-ea-expand-plus\"><\/i> \u00bfQu\u00e9 es un tratamiento psicol\u00f3gico?<\/a><\/h3><div class=\"sp-collapse spcollapse \" id=\"collapse7633\" data-parent=\"#sp-ea-763\" role=\"region\" aria-labelledby=\"ea-header-7633\"> <div class=\"ea-body\"><p>Puede ocurrir que la primera vez que te planteas ir al psic\u00f3logo\/a te surjan ciertos miedos o temores ante aquello que no conoces, m\u00e1xime cuando el material con el que trabajamos suele incluir emociones y vivencias personales y delicadas. Para que quede claro, qu\u00e9 es aquello que no hacemos los psic\u00f3logos\/as: no leemos la mente a nadie, no buceamos en ning\u00fan pasado si uno no quiere ni juzgamos. Lo que s\u00ed hacemos es intentar aportar desde un clima de respeto soluciones y claridad a aquello que te preocupa.<\/p><\/div><\/div><\/div><div class=\"ea-card sp-ea-single\"><h3 class=\"ea-header\"><a class=\"collapsed\" id=\"ea-header-7634\" role=\"button\" data-sptoggle=\"spcollapse\" data-sptarget=\"#collapse7634\" aria-controls=\"collapse7634\" href=\"#\" aria-expanded=\"false\" tabindex=\"0\"><i aria-hidden=\"true\" role=\"presentation\" class=\"ea-expand-icon eap-icon-ea-expand-plus\"><\/i> \u00bfCu\u00e1nto tiempo suele durar un tratamiento?<\/a><\/h3><div class=\"sp-collapse spcollapse \" id=\"collapse7634\" data-parent=\"#sp-ea-763\" role=\"region\" aria-labelledby=\"ea-header-7634\"> <div class=\"ea-body\"><p>Nosotros manejamos dos ideas cuando empezamos a trabajar con una persona. Por un lado, que puedas tener todas las entrevistas necesarias y que estas sean las menos posibles, y por otro, que las entrevistas se vayan espaciando a medida que la situaci\u00f3n va mejorando hasta llegar al momento de cerrar y despedirnos. Es decir, no pensamos en un n\u00famero cerrado de sesiones ni en una periodicidad concreta, sino que est\u00e1 m\u00e1s en funci\u00f3n de la evoluci\u00f3n y las necesidades de cada persona de forma que una situaci\u00f3n puede resolverse en cuatro entrevistas mientras que otra requerir\u00e1 m\u00e1s tiempo<\/p><\/div><\/div><\/div><div class=\"ea-card sp-ea-single\"><h3 class=\"ea-header\"><a class=\"collapsed\" id=\"ea-header-7635\" role=\"button\" data-sptoggle=\"spcollapse\" data-sptarget=\"#collapse7635\" aria-controls=\"collapse7635\" href=\"#\" aria-expanded=\"false\" tabindex=\"0\"><i aria-hidden=\"true\" role=\"presentation\" class=\"ea-expand-icon eap-icon-ea-expand-plus\"><\/i> \u00bfCu\u00e1ndo se tiene que ir al psic\u00f3logo?<\/a><\/h3><div class=\"sp-collapse spcollapse \" id=\"collapse7635\" data-parent=\"#sp-ea-763\" role=\"region\" aria-labelledby=\"ea-header-7635\"> <div class=\"ea-body\"><p>Por suerte, la idea de que solo los locos van al <strong>psic\u00f3logo<\/strong> se va desterrando progresivamente de nuestras mentes. Realmente hay multitud de motivos por los que uno puede decidir ir al psic\u00f3logo\/a: para resolver cosas concretas que te hacen sufrir y que quieres mejorar, como una opci\u00f3n de crecimiento personal o para orientaciones m\u00e1s puntuales. El cu\u00e1ndo, pensamos que cuanto antes mejor, de forma que lo que te est\u00e1 causando malestar desaparezca lo m\u00e1s pronto posible.<\/p><\/div><\/div><\/div><\/div><\/div><\/div>\n\t\t\t\t\t\t<\/div>\n\t\t\t\t<\/div>\n\t\t\t\t\t<\/div>\n\t\t<\/div>\n\t\t\t\t\t<\/div>\n\t\t<\/section>\n\t\t\t\t<\/div>\n\t\t","protected":false},"excerpt":{"rendered":"","protected":false},"author":1,"featured_media":0,"parent":0,"menu_order":14,"comment_status":"open","ping_status":"open","template":"","meta":{"footnotes":""},"class_list":["post-222","page","type-page","status-publish","hentry"],"aioseo_notices":[],"_links":{"self":[{"href":"https:\/\/psilaba.com\/en\/wp-json\/wp\/v2\/pages\/222","targetHints":{"allow":["GET"]}}],"collection":[{"href":"https:\/\/psilaba.com\/en\/wp-json\/wp\/v2\/pages"}],"about":[{"href":"https:\/\/psilaba.com\/en\/wp-json\/wp\/v2\/types\/page"}],"author":[{"embeddable":true,"href":"https:\/\/psilaba.com\/en\/wp-json\/wp\/v2\/users\/1"}],"replies":[{"embeddable":true,"href":"https:\/\/psilaba.com\/en\/wp-json\/wp\/v2\/comments?post=222"}],"version-history":[{"count":5,"href":"https:\/\/psilaba.com\/en\/wp-json\/wp\/v2\/pages\/222\/revisions"}],"predecessor-version":[{"id":766,"href":"https:\/\/psilaba.com\/en\/wp-json\/wp\/v2\/pages\/222\/revisions\/766"}],"wp:attachment":[{"href":"https:\/\/psilaba.com\/en\/wp-json\/wp\/v2\/media?parent=222"}],"curies":[{"name":"wp","href":"https:\/\/api.w.org\/{rel}","templated":true}]}}